{"id":554,"date":"2018-07-29T15:27:09","date_gmt":"2018-07-29T13:27:09","guid":{"rendered":"\/?page_id=554"},"modified":"2020-02-19T13:10:34","modified_gmt":"2020-02-19T12:10:34","slug":"politique-de-confidentialite","status":"publish","type":"page","link":"https:\/\/www.ynamics.com\/index.php\/politique-de-confidentialite\/","title":{"rendered":"Politique de confidentialit\u00e9"},"content":{"rendered":"<h2>Qui sommes-nous\u00a0?<\/h2>\n<p>Nous sommes une soci\u00e9t\u00e9 sp\u00e9cialis\u00e9e en ing\u00e9nierie du logiciel et de l&rsquo;\u00e9lectronique, avec une activit\u00e9 forte en syst\u00e8mes de g\u00e9olocalisation et d&rsquo;objets connect\u00e9s.\u00a0 Visitez la page des <a href=\"https:\/\/www.ynamics.com\/index.php\/mentions-legales\/\">mentions l\u00e9gales<\/a> pour plus d&rsquo;informations.<\/p>\n<p>L\u2019adresse de notre site Web est\u00a0: https:\/\/www.ynamics.com.<\/p>\n<h2>Utilisation des donn\u00e9es personnelles collect\u00e9es<\/h2>\n<h3>Commentaires<\/h3>\n<p>Notre site ne permet pas le d\u00e9p\u00f4t de commentaire actuellement.\u00a0 Toutefois, quand vous laissez un commentaire sur notre site web, les donn\u00e9es inscrites dans le formulaire de commentaire, mais aussi votre adresse IP et l\u2019agent utilisateur de votre navigateur sont collect\u00e9s pour nous aider \u00e0 la d\u00e9tection des commentaires ind\u00e9sirables.<\/p>\n<p>Une cha\u00eene anonymis\u00e9e cr\u00e9\u00e9e \u00e0 partir de votre adresse de messagerie (\u00e9galement appel\u00e9e hash) peut \u00eatre envoy\u00e9e au service Gravatar pour v\u00e9rifier si vous utilisez ce dernier. Les clauses de confidentialit\u00e9 du service Gravatar sont disponibles ici\u00a0: https:\/\/automattic.com\/privacy\/. Apr\u00e8s validation de votre commentaire, votre photo de profil sera visible publiquement \u00e0 cot\u00e9 de votre commentaire.<\/p>\n<h3>M\u00e9dias<\/h3>\n<p>Si vous \u00eates un utilisateur ou une utilisatrice enregistr\u00e9\u00b7e et que vous t\u00e9l\u00e9versez des images sur le site web, nous vous conseillons d\u2019\u00e9viter de t\u00e9l\u00e9verser des images contenant des donn\u00e9es EXIF de coordonn\u00e9es GPS. Les visiteurs de notre site web peuvent t\u00e9l\u00e9charger et extraire des donn\u00e9es de localisation depuis ces images.<\/p>\n<h3>Formulaires de contact<\/h3>\n<p>Les informations de contact et les informations contenu dans le formulaire de contact sont transmises par courriel au responsable de la communication.\u00a0 Ces informations sont utilis\u00e9es dans le but de vous r\u00e9pondre et peuvent \u00eatre utilis\u00e9es par la suite si une relation commerciale s&rsquo;installe.<\/p>\n<h3>Cookies g\u00e9r\u00e9s par le site<\/h3>\n<ul>\n<li><strong><div class=\"av-switch-aviaPrivacyRefuseCookiesHideBar av-toggle-switch av-cookie-disable-external-toggle av-cookie-save-checked av-cookie-default-checked\"><label><input type=\"checkbox\" checked=\"checked\" id=\"aviaPrivacyRefuseCookiesHideBar\" class=\"aviaPrivacyRefuseCookiesHideBar \" name=\"aviaPrivacyRefuseCookiesHideBar\" ><span class=\"toggle-track\"><\/span><span class=\"toggle-label-content\"><\/strong> (d\u00e9s)activation des cookies du site (cette fonction n\u00e9cessite 2 cookies elle-m\u00eame et supprime les autres cookies <strong><\/span><\/label><\/div><\/strong><\/li>\n<li><strong><div class=\"av-switch-aviaPrivacyEssentialCookiesEnabled av-toggle-switch av-cookie-disable-external-toggle av-cookie-save-checked av-cookie-default-checked\"><label><input type=\"checkbox\" checked=\"checked\" id=\"aviaPrivacyEssentialCookiesEnabled\" class=\"aviaPrivacyEssentialCookiesEnabled \" name=\"aviaPrivacyEssentialCookiesEnabled\" ><span class=\"toggle-track\"><\/span><span class=\"toggle-label-content\"><\/strong> d\u00e9s)activation des cookies essentiels <strong><\/span><\/label><\/div><\/strong><\/li>\n<\/ul>\n<h3>Cookies des tiers<\/h3>\n<p>Google est susceptible de vous suivre \u00e0 travers les fonctionnalit\u00e9s suivantes que vous pouvez d\u00e9sactiver:<\/p>\n<ul>\n<li><strong><div data-disabled_by_browser=\"Merci d\u2019activer cette fonctionnalit\u00e9 dans vos r\u00e9glages navigateur et rechargez la page.\" class=\"av-switch-aviaPrivacyGoogleTrackingDisabled av-toggle-switch av-cookie-disable-external-toggle av-cookie-save-unchecked av-cookie-default-unchecked\"><label><input type=\"checkbox\"  id=\"aviaPrivacyGoogleTrackingDisabled\" class=\"aviaPrivacyGoogleTrackingDisabled \" name=\"aviaPrivacyGoogleTrackingDisabled\" ><span class=\"toggle-track\"><\/span><span class=\"toggle-label-content\"><\/strong> activation du suivi de google de votre navigation si coch\u00e9e <strong><\/span><\/label><\/div><\/strong><\/li>\n<li><strong><div class=\"av-switch-aviaPrivacyGoogleWebfontsDisabled av-toggle-switch av-cookie-disable-external-toggle av-cookie-save-unchecked av-cookie-default-unchecked\"><label><input type=\"checkbox\"  id=\"aviaPrivacyGoogleWebfontsDisabled\" class=\"aviaPrivacyGoogleWebfontsDisabled \" name=\"aviaPrivacyGoogleWebfontsDisabled\" ><span class=\"toggle-track\"><\/span><span class=\"toggle-label-content\"> <\/strong>activation de google webfonts si coch\u00e9e<strong><\/span><\/label><\/div><\/strong><\/li>\n<li><strong><div class=\"av-switch-aviaPrivacyGoogleReCaptchaDisabled av-toggle-switch av-cookie-disable-external-toggle av-cookie-save-unchecked av-cookie-default-unchecked\"><label><input type=\"checkbox\"  id=\"aviaPrivacyGoogleReCaptchaDisabled\" class=\"aviaPrivacyGoogleReCaptchaDisabled \" name=\"aviaPrivacyGoogleReCaptchaDisabled\" ><span class=\"toggle-track\"><\/span><span class=\"toggle-label-content\"><\/strong> activation de google recaptcha\u00a0si coch\u00e9e<strong><\/span><\/label><\/div><\/strong><\/li>\n<li><strong><div class=\"av-switch-aviaPrivacyGoogleMapsDisabled av-toggle-switch av-cookie-disable-external-toggle av-cookie-save-unchecked av-cookie-default-unchecked\"><label><input type=\"checkbox\"  id=\"aviaPrivacyGoogleMapsDisabled\" class=\"aviaPrivacyGoogleMapsDisabled \" name=\"aviaPrivacyGoogleMapsDisabled\" ><span class=\"toggle-track\"><\/span><span class=\"toggle-label-content\"><\/strong> activation de google maps si\u00a0 coch\u00e9e <strong><\/span><\/label><\/div><\/strong><\/li>\n<li><strong><div class=\"av-switch-aviaPrivacyVideoEmbedsDisabled av-toggle-switch av-cookie-disable-external-toggle av-cookie-save-unchecked av-cookie-default-unchecked\"><label><input type=\"checkbox\"  id=\"aviaPrivacyVideoEmbedsDisabled\" class=\"aviaPrivacyVideoEmbedsDisabled \" name=\"aviaPrivacyVideoEmbedsDisabled\" ><span class=\"toggle-track\"><\/span><span class=\"toggle-label-content\"><\/strong> activation des videos embarqu\u00e9es fournies par des services tiers si coch\u00e9e <strong><\/span><\/label><\/div><\/strong><\/li>\n<\/ul>\n<h3>Cookies<\/h3>\n<p>Si vous d\u00e9posez un commentaire sur notre site, il vous sera propos\u00e9 d\u2019enregistrer votre nom, adresse de messagerie et site web dans des cookies. C\u2019est uniquement pour votre confort afin de ne pas avoir \u00e0 saisir ces informations si vous d\u00e9posez un autre commentaire plus tard. Ces cookies expirent au bout d\u2019un an.<\/p>\n<p>Si vous avez un compte et que vous vous connectez sur ce site, un cookie temporaire sera cr\u00e9\u00e9 afin de d\u00e9terminer si votre navigateur accepte les cookies. Il ne contient pas de donn\u00e9es personnelles et sera supprim\u00e9 automatiquement \u00e0 la fermeture de votre navigateur.<\/p>\n<p>Lorsque vous vous connecterez, nous mettrons en place un certain nombre de cookies pour enregistrer vos informations de connexion et vos pr\u00e9f\u00e9rences d\u2019\u00e9cran. La dur\u00e9e de vie d\u2019un cookie de connexion est de deux jours, celle d\u2019un cookie d\u2019option d\u2019\u00e9cran est d\u2019un an. Si vous cochez \u00ab\u00a0Se souvenir de moi\u00a0\u00bb, votre cookie de connexion sera conserv\u00e9 pendant deux semaines. Si vous vous d\u00e9connectez de votre compte, le cookie de connexion sera effac\u00e9.<\/p>\n<p>En modifiant ou en publiant un article, un cookie suppl\u00e9mentaire sera enregistr\u00e9 dans votre navigateur. Ce cookie ne comprend aucune donn\u00e9e personnelle. Il indique simplement l\u2019identifiant de l\u2019article que vous venez de modifier. Il expire au bout d\u2019un jour.<\/p>\n<h3>Contenu embarqu\u00e9 depuis d\u2019autres sites<\/h3>\n<p>Les articles de ce site peuvent inclure des contenus int\u00e9gr\u00e9s (par exemple des vid\u00e9os, images, articles\u2026). Le contenu int\u00e9gr\u00e9 depuis d\u2019autres sites se comporte de la m\u00eame mani\u00e8re que si le visiteur se rendait sur cet autre site.<\/p>\n<p>Ces sites web pourraient collecter des donn\u00e9es sur vous, utiliser des cookies, embarquer des outils de suivi tiers, suivre vos interactions avec ces contenus embarqu\u00e9s si vous disposez d\u2019un compte connect\u00e9 sur leur site web.<\/p>\n<h3>Statistiques et mesures d\u2019audience<\/h3>\n<p>Nous n&rsquo;avons pas recours \u00e0 des syst\u00e8mes externes pour le suivi statistique et les mesures d&rsquo;audience.<\/p>\n<h2>Utilisation et transmission de vos donn\u00e9es personnelles<\/h2>\n<h2>Dur\u00e9es de stockage de vos donn\u00e9es<\/h2>\n<p>Si vous laissez un commentaire, le commentaire et ses m\u00e9tadonn\u00e9es sont conserv\u00e9s ind\u00e9finiment. Cela permet de reconna\u00eetre et approuver automatiquement les commentaires suivants au lieu de les laisser dans le fil de mod\u00e9ration.<\/p>\n<p>Pour les utilisateurs et utilisatrices qui s\u2019enregistrent sur notre site (si cela est possible), nous stockons \u00e9galement les donn\u00e9es personnelles indiqu\u00e9es dans leur profil. Tous les utilisateurs et utilisatrices peuvent voir, modifier ou supprimer leurs informations personnelles \u00e0 tout moment (\u00e0 l\u2019exception de leur nom d\u2019utilisateur\u00b7ice). Les gestionnaires du site peuvent aussi voir et modifier ces informations.<\/p>\n<h2>Les droits que vous avez sur vos donn\u00e9es<\/h2>\n<p>Si vous avez un compte ou si vous avez laiss\u00e9 des commentaires sur le site, vous pouvez demander \u00e0 recevoir un fichier contenant toutes les donn\u00e9es personnelles que nous poss\u00e9dons \u00e0 votre sujet, incluant celles que vous nous avez fournies. Vous pouvez \u00e9galement demander la suppression des donn\u00e9es personnelles vous concernant. Cela ne prend pas en compte les donn\u00e9es stock\u00e9es \u00e0 des fins administratives, l\u00e9gales ou pour des raisons de s\u00e9curit\u00e9.<\/p>\n<h2>Transmission de vos donn\u00e9es personnelles<\/h2>\n<p>Les commentaires des visiteurs peuvent \u00eatre v\u00e9rifi\u00e9s \u00e0 l\u2019aide d\u2019un service automatis\u00e9 de d\u00e9tection des commentaires ind\u00e9sirables.<\/p>\n<h2>Informations de contact<\/h2>\n<p>Vous pouvez nous contacter \u00e0 l&rsquo;aide du <a href=\"https:\/\/www.ynamics.com\/index.php\/contact\/\">formulaire de contact<\/a>.<\/p>\n<h2>Informations suppl\u00e9mentaires<\/h2>\n<h3>Comment nous prot\u00e9geons vos donn\u00e9es<\/h3>\n<p>Vos donn\u00e9es sont stock\u00e9es sur nos serveurs lou\u00e9s aupr\u00e8s d&rsquo;OVH dont l&rsquo;acc\u00e8s est s\u00e9curis\u00e9.<\/p>\n<p>Les autorisations d&rsquo;acc\u00e8s aux donn\u00e9es sont g\u00e9r\u00e9es nominativement.<\/p>\n<h3>Proc\u00e9dures mises en \u0153uvre en cas de fuite de donn\u00e9es<\/h3>\n<p>En cas de fuite de donn\u00e9es, nous notifierons la CNIL comme l&rsquo;exige la loi, nous informerons les personnes concern\u00e9es, et nous mettrons tout en oeuvre pour am\u00e9liorer la s\u00e9curit\u00e9 des donn\u00e9es.<\/p>\n<h3>Les services tiers qui nous transmettent des donn\u00e9es<\/h3>\n<p>Lorsque nous intervenons en support ou en d\u00e9veloppement pour nos clients, nous recevons parfois des donn\u00e9es personnelles sur nos syst\u00e8mes.\u00a0 Ces donn\u00e9es sont utilis\u00e9es exclusivement dans le cadre de ce support.\u00a0 Par principe nous laissons les donn\u00e9es personnelles g\u00e9r\u00e9es par nos clients sur leurs propres syst\u00e8mes.<\/p>\n<h3>Op\u00e9rations de marketing automatis\u00e9 et\/ou de profilage r\u00e9alis\u00e9es \u00e0 l\u2019aide des donn\u00e9es personnelles<\/h3>\n<p>Nous ne r\u00e9alisons pas ce type d&rsquo;op\u00e9ration.<\/p>\n<h3>Affichage des informations li\u00e9es aux secteurs soumis \u00e0 des r\u00e9gulations sp\u00e9cifiques<\/h3>\n<p>N\u00e9ant.<\/p>\n<h2>Informations du Fichier \u00ab\u00a0Clients et fournisseurs\u00a0\u00bb<\/h2>\n<p>Les informations de nos relations client sont g\u00e9r\u00e9es par notre CRM et nos carnets d&rsquo;adresses.<br \/>\nNos carnets d&rsquo;adresses sont synchronis\u00e9s avec notre Cloud Priv\u00e9 \u00e0 partir duquel nous les synchronisons avec nos appareils mobiles sans passer par des services tel que Google Contacts, Google Calendar.\u00a0 Ainsi la synchronisation avec les \u00ab\u00a0GAFAM\u00a0\u00bb est abandonn\u00e9e.<\/p>\n<ul>\n<li><strong>Finalit\u00e9 du traitement:<br \/>\n<\/strong>Gestion des relations clients et fournisseurs<\/li>\n<li><strong>Type de donn\u00e9es enregistr\u00e9es:<\/strong><br \/>\nNom, pr\u00e9nom, adresse de la soci\u00e9t\u00e9 et\/ou personnelle, adresse(s) de messagerie \u00e9lectronique(s), num\u00e9ro(s) de t\u00e9l\u00e9phone potentiellement personnel(s), num\u00e9ro(s) de compte(s) bancaire(s).<\/li>\n<li><strong>Origine des donn\u00e9es personnelles:<br \/>\n<\/strong>&#8211; Donn\u00e9es fournies par nos interlocuteurs;<br \/>\n&#8211; Donn\u00e9es obtenues sur des sites web pour compl\u00e9ter les informations d\u00e9j\u00e0 re\u00e7ues (site de la soci\u00e9t\u00e9 de l&rsquo;interlocuteur, societe.com, infogreffe.fr, etc.).<\/li>\n<li><strong>Destinataires des donn\u00e9es:<br \/>\n<\/strong>&#8211; Personnel interne impliqu\u00e9 dans la gestion des relations clients et\/ou fourniseurs;<br \/>\n&#8211; Organismes externes impliqu\u00e9s dans la gestion des relations client et\/ou fournisseurs:<\/p>\n<ul>\n<li>Soci\u00e9t\u00e9 d\u2019expertise comptable\u00a0;<\/li>\n<li>Soci\u00e9t\u00e9s\u00a0\u00a0bancaires et financi\u00e8res (paiements);<\/li>\n<li>Soci\u00e9t\u00e9s fournissant des services \u00e0 Ynamics pour le d\u00e9veloppement commercial\u00a0;<\/li>\n<li>Soci\u00e9t\u00e9s de recouvrement\u00a0des cr\u00e9ances d\u2019Ynamics;<\/li>\n<li>Greffe du tribunal de commerce\u00a0en cas d\u2019injonction de payer;<\/li>\n<li>Tribunaux, CNIL, organismes administratifs et judiciaires en cas de litige ou pour se conformer aux proc\u00e9dures administratives et judiciaires.<\/li>\n<\/ul>\n<\/li>\n<li><strong>Transferts de ces informations vers des Pays n&rsquo;appartenant pas \u00e0 l&rsquo;Union Europ\u00e9enne:<br \/>\n<\/strong>N\u00e9ant<\/li>\n<li><strong>Vos donn\u00e9es \u00e0 caract\u00e8re personnelle \/ Mise en \u0153uvre de vos droits<br \/>\n<\/strong>Vous pouvez nous adresser vos demandes par notre <a href=\"https:\/\/www.ynamics.com\/index.php\/contact\/\">formulaire de contact<\/a>.<\/li>\n<\/ul>\n","protected":false},"excerpt":{"rendered":"<p>Qui sommes-nous\u00a0? Nous sommes une soci\u00e9t\u00e9 sp\u00e9cialis\u00e9e en ing\u00e9nierie du logiciel et de l&rsquo;\u00e9lectronique, avec une activit\u00e9 forte en syst\u00e8mes de g\u00e9olocalisation et d&rsquo;objets connect\u00e9s.\u00a0 Visitez la page des mentions l\u00e9gales pour plus d&rsquo;informations. L\u2019adresse de notre site Web est\u00a0: https:\/\/www.ynamics.com. Utilisation des donn\u00e9es personnelles collect\u00e9es Commentaires Notre site ne permet pas le d\u00e9p\u00f4t de [&hellip;]<\/p>\n","protected":false},"author":1,"featured_media":0,"parent":0,"menu_order":0,"comment_status":"closed","ping_status":"closed","template":"","meta":{"footnotes":""},"class_list":["post-554","page","type-page","status-publish","hentry"],"yoast_head":"<!-- This site is optimized with the Yoast SEO plugin v27.5 - https:\/\/yoast.com\/product\/yoast-seo-wordpress\/ -->\n<title>Politique de confidentialit\u00e9 - Ynamics<\/title>\n<meta name=\"description\" content=\"Notre politique de confidentialit\u00e9 est simple en r\u00e9sum\u00e9: nous r\u00e9coltons peu d&#039;information et ne faisons pas de traitement cach\u00e9 de vos donn\u00e9es. Vous pouvez en plus d\u00e9sactiver des fonctionnalit\u00e9s susceptibles de vous suivre ici.\" \/>\n<meta name=\"robots\" content=\"index, follow, max-snippet:-1, max-image-preview:large, max-video-preview:-1\" \/>\n<link rel=\"canonical\" href=\"https:\/\/www.ynamics.com\/index.php\/politique-de-confidentialite\/\" \/>\n<meta property=\"og:locale\" content=\"fr_FR\" \/>\n<meta property=\"og:type\" content=\"article\" \/>\n<meta property=\"og:title\" content=\"Politique de confidentialit\u00e9 - Ynamics\" \/>\n<meta property=\"og:description\" content=\"Notre politique de confidentialit\u00e9 est simple en r\u00e9sum\u00e9: nous r\u00e9coltons peu d&#039;information et ne faisons pas de traitement cach\u00e9 de vos donn\u00e9es. Vous pouvez en plus d\u00e9sactiver des fonctionnalit\u00e9s susceptibles de vous suivre ici.\" \/>\n<meta property=\"og:url\" content=\"https:\/\/www.ynamics.com\/index.php\/politique-de-confidentialite\/\" \/>\n<meta property=\"og:site_name\" content=\"Ynamics\" \/>\n<meta property=\"article:modified_time\" content=\"2020-02-19T12:10:34+00:00\" \/>\n<meta name=\"twitter:card\" content=\"summary_large_image\" \/>\n<meta name=\"twitter:label1\" content=\"Dur\u00e9e de lecture estim\u00e9e\" \/>\n\t<meta name=\"twitter:data1\" content=\"8 minutes\" \/>\n<script type=\"application\/ld+json\" class=\"yoast-schema-graph\">{\"@context\":\"https:\\\/\\\/schema.org\",\"@graph\":[{\"@type\":\"WebPage\",\"@id\":\"https:\\\/\\\/www.ynamics.com\\\/index.php\\\/politique-de-confidentialite\\\/\",\"url\":\"https:\\\/\\\/www.ynamics.com\\\/index.php\\\/politique-de-confidentialite\\\/\",\"name\":\"Politique de confidentialit\u00e9 - Ynamics\",\"isPartOf\":{\"@id\":\"https:\\\/\\\/www.ynamics.com\\\/#website\"},\"datePublished\":\"2018-07-29T13:27:09+00:00\",\"dateModified\":\"2020-02-19T12:10:34+00:00\",\"description\":\"Notre politique de confidentialit\u00e9 est simple en r\u00e9sum\u00e9: nous r\u00e9coltons peu d'information et ne faisons pas de traitement cach\u00e9 de vos donn\u00e9es. Vous pouvez en plus d\u00e9sactiver des fonctionnalit\u00e9s susceptibles de vous suivre ici.\",\"breadcrumb\":{\"@id\":\"https:\\\/\\\/www.ynamics.com\\\/index.php\\\/politique-de-confidentialite\\\/#breadcrumb\"},\"inLanguage\":\"fr-FR\",\"potentialAction\":[{\"@type\":\"ReadAction\",\"target\":[\"https:\\\/\\\/www.ynamics.com\\\/index.php\\\/politique-de-confidentialite\\\/\"]}]},{\"@type\":\"BreadcrumbList\",\"@id\":\"https:\\\/\\\/www.ynamics.com\\\/index.php\\\/politique-de-confidentialite\\\/#breadcrumb\",\"itemListElement\":[{\"@type\":\"ListItem\",\"position\":1,\"name\":\"Accueil\",\"item\":\"https:\\\/\\\/www.ynamics.com\\\/\"},{\"@type\":\"ListItem\",\"position\":2,\"name\":\"Politique de confidentialit\u00e9\"}]},{\"@type\":\"WebSite\",\"@id\":\"https:\\\/\\\/www.ynamics.com\\\/#website\",\"url\":\"https:\\\/\\\/www.ynamics.com\\\/\",\"name\":\"Ynamics\",\"description\":\"L&#039;IoT sur mesure\",\"publisher\":{\"@id\":\"https:\\\/\\\/www.ynamics.com\\\/#organization\"},\"potentialAction\":[{\"@type\":\"SearchAction\",\"target\":{\"@type\":\"EntryPoint\",\"urlTemplate\":\"https:\\\/\\\/www.ynamics.com\\\/?s={search_term_string}\"},\"query-input\":{\"@type\":\"PropertyValueSpecification\",\"valueRequired\":true,\"valueName\":\"search_term_string\"}}],\"inLanguage\":\"fr-FR\"},{\"@type\":\"Organization\",\"@id\":\"https:\\\/\\\/www.ynamics.com\\\/#organization\",\"name\":\"Ynamics\",\"url\":\"https:\\\/\\\/www.ynamics.com\\\/\",\"logo\":{\"@type\":\"ImageObject\",\"inLanguage\":\"fr-FR\",\"@id\":\"https:\\\/\\\/www.ynamics.com\\\/#\\\/schema\\\/logo\\\/image\\\/\",\"url\":\"https:\\\/\\\/www.ynamics.com\\\/wp-content\\\/uploads\\\/2016\\\/04\\\/ynamics_903x300.png\",\"contentUrl\":\"https:\\\/\\\/www.ynamics.com\\\/wp-content\\\/uploads\\\/2016\\\/04\\\/ynamics_903x300.png\",\"width\":903,\"height\":300,\"caption\":\"Ynamics\"},\"image\":{\"@id\":\"https:\\\/\\\/www.ynamics.com\\\/#\\\/schema\\\/logo\\\/image\\\/\"}}]}<\/script>\n<!-- \/ Yoast SEO plugin. -->","yoast_head_json":{"title":"Politique de confidentialit\u00e9 - Ynamics","description":"Notre politique de confidentialit\u00e9 est simple en r\u00e9sum\u00e9: nous r\u00e9coltons peu d'information et ne faisons pas de traitement cach\u00e9 de vos donn\u00e9es. Vous pouvez en plus d\u00e9sactiver des fonctionnalit\u00e9s susceptibles de vous suivre ici.","robots":{"index":"index","follow":"follow","max-snippet":"max-snippet:-1","max-image-preview":"max-image-preview:large","max-video-preview":"max-video-preview:-1"},"canonical":"https:\/\/www.ynamics.com\/index.php\/politique-de-confidentialite\/","og_locale":"fr_FR","og_type":"article","og_title":"Politique de confidentialit\u00e9 - Ynamics","og_description":"Notre politique de confidentialit\u00e9 est simple en r\u00e9sum\u00e9: nous r\u00e9coltons peu d'information et ne faisons pas de traitement cach\u00e9 de vos donn\u00e9es. Vous pouvez en plus d\u00e9sactiver des fonctionnalit\u00e9s susceptibles de vous suivre ici.","og_url":"https:\/\/www.ynamics.com\/index.php\/politique-de-confidentialite\/","og_site_name":"Ynamics","article_modified_time":"2020-02-19T12:10:34+00:00","twitter_card":"summary_large_image","twitter_misc":{"Dur\u00e9e de lecture estim\u00e9e":"8 minutes"},"schema":{"@context":"https:\/\/schema.org","@graph":[{"@type":"WebPage","@id":"https:\/\/www.ynamics.com\/index.php\/politique-de-confidentialite\/","url":"https:\/\/www.ynamics.com\/index.php\/politique-de-confidentialite\/","name":"Politique de confidentialit\u00e9 - Ynamics","isPartOf":{"@id":"https:\/\/www.ynamics.com\/#website"},"datePublished":"2018-07-29T13:27:09+00:00","dateModified":"2020-02-19T12:10:34+00:00","description":"Notre politique de confidentialit\u00e9 est simple en r\u00e9sum\u00e9: nous r\u00e9coltons peu d'information et ne faisons pas de traitement cach\u00e9 de vos donn\u00e9es. Vous pouvez en plus d\u00e9sactiver des fonctionnalit\u00e9s susceptibles de vous suivre ici.","breadcrumb":{"@id":"https:\/\/www.ynamics.com\/index.php\/politique-de-confidentialite\/#breadcrumb"},"inLanguage":"fr-FR","potentialAction":[{"@type":"ReadAction","target":["https:\/\/www.ynamics.com\/index.php\/politique-de-confidentialite\/"]}]},{"@type":"BreadcrumbList","@id":"https:\/\/www.ynamics.com\/index.php\/politique-de-confidentialite\/#breadcrumb","itemListElement":[{"@type":"ListItem","position":1,"name":"Accueil","item":"https:\/\/www.ynamics.com\/"},{"@type":"ListItem","position":2,"name":"Politique de confidentialit\u00e9"}]},{"@type":"WebSite","@id":"https:\/\/www.ynamics.com\/#website","url":"https:\/\/www.ynamics.com\/","name":"Ynamics","description":"L&#039;IoT sur mesure","publisher":{"@id":"https:\/\/www.ynamics.com\/#organization"},"potentialAction":[{"@type":"SearchAction","target":{"@type":"EntryPoint","urlTemplate":"https:\/\/www.ynamics.com\/?s={search_term_string}"},"query-input":{"@type":"PropertyValueSpecification","valueRequired":true,"valueName":"search_term_string"}}],"inLanguage":"fr-FR"},{"@type":"Organization","@id":"https:\/\/www.ynamics.com\/#organization","name":"Ynamics","url":"https:\/\/www.ynamics.com\/","logo":{"@type":"ImageObject","inLanguage":"fr-FR","@id":"https:\/\/www.ynamics.com\/#\/schema\/logo\/image\/","url":"https:\/\/www.ynamics.com\/wp-content\/uploads\/2016\/04\/ynamics_903x300.png","contentUrl":"https:\/\/www.ynamics.com\/wp-content\/uploads\/2016\/04\/ynamics_903x300.png","width":903,"height":300,"caption":"Ynamics"},"image":{"@id":"https:\/\/www.ynamics.com\/#\/schema\/logo\/image\/"}}]}},"_links":{"self":[{"href":"https:\/\/www.ynamics.com\/index.php\/wp-json\/wp\/v2\/pages\/554","targetHints":{"allow":["GET"]}}],"collection":[{"href":"https:\/\/www.ynamics.com\/index.php\/wp-json\/wp\/v2\/pages"}],"about":[{"href":"https:\/\/www.ynamics.com\/index.php\/wp-json\/wp\/v2\/types\/page"}],"author":[{"embeddable":true,"href":"https:\/\/www.ynamics.com\/index.php\/wp-json\/wp\/v2\/users\/1"}],"replies":[{"embeddable":true,"href":"https:\/\/www.ynamics.com\/index.php\/wp-json\/wp\/v2\/comments?post=554"}],"version-history":[{"count":13,"href":"https:\/\/www.ynamics.com\/index.php\/wp-json\/wp\/v2\/pages\/554\/revisions"}],"predecessor-version":[{"id":650,"href":"https:\/\/www.ynamics.com\/index.php\/wp-json\/wp\/v2\/pages\/554\/revisions\/650"}],"wp:attachment":[{"href":"https:\/\/www.ynamics.com\/index.php\/wp-json\/wp\/v2\/media?parent=554"}],"curies":[{"name":"wp","href":"https:\/\/api.w.org\/{rel}","templated":true}]}}